{"id":730,"date":"2025-08-28T11:15:32","date_gmt":"2025-08-28T11:15:32","guid":{"rendered":"https:\/\/div.objektahausverwaltung.de\/?page_id=730"},"modified":"2025-08-28T13:25:56","modified_gmt":"2025-08-28T13:25:56","slug":"versicherung","status":"publish","type":"page","link":"https:\/\/objektahausverwaltung.de\/index.php\/versicherung\/","title":{"rendered":"Versicherung"},"content":{"rendered":"\t\t<div data-elementor-type=\"wp-page\" data-elementor-id=\"730\" class=\"elementor elementor-730\" data-elementor-post-type=\"page\">\n\t\t\t\t<div class=\"elementor-element elementor-element-00fa3f1 e-flex e-con-boxed e-con e-parent\" data-id=\"00fa3f1\" data-element_type=\"container\">\n\t\t\t\t\t<div class=\"e-con-inner\">\n\t\t<div class=\"elementor-element elementor-element-dbae6fd e-con-full e-flex e-con e-child\" data-id=\"dbae6fd\" data-element_type=\"container\">\n\t\t\t\t<div class=\"elementor-element elementor-element-cf7c76c elementor-widget elementor-widget-image\" data-id=\"cf7c76c\" data-element_type=\"widget\" data-widget_type=\"image.default\">\n\t\t\t\t\t\t\t\t\t\t\t\t\t\t\t<img fetchpriority=\"high\" decoding=\"async\" width=\"770\" height=\"550\" src=\"https:\/\/objektahausverwaltung.de\/wp-content\/uploads\/2025\/08\/versicherungen.jpg\" class=\"attachment-full size-full wp-image-812\" alt=\"\" srcset=\"https:\/\/objektahausverwaltung.de\/wp-content\/uploads\/2025\/08\/versicherungen.jpg 770w, https:\/\/objektahausverwaltung.de\/wp-content\/uploads\/2025\/08\/versicherungen-300x214.jpg 300w, https:\/\/objektahausverwaltung.de\/wp-content\/uploads\/2025\/08\/versicherungen-768x549.jpg 768w\" sizes=\"(max-width: 770px) 100vw, 770px\" \/>\t\t\t\t\t\t\t\t\t\t\t\t\t\t\t<\/div>\n\t\t\t\t<\/div>\n\t\t<div class=\"elementor-element elementor-element-67c9672 e-con-full e-flex e-con e-child\" data-id=\"67c9672\" data-element_type=\"container\">\n\t\t\t\t<div class=\"elementor-element elementor-element-ce4e9f5 elementor-widget elementor-widget-heading\" data-id=\"ce4e9f5\" data-element_type=\"widget\" data-widget_type=\"heading.default\">\n\t\t\t\t\t<h4 class=\"elementor-heading-title elementor-size-default\">Versicherung<\/h4>\t\t\t\t<\/div>\n\t\t\t\t<div class=\"elementor-element elementor-element-f1a4a95 elementor-widget elementor-widget-text-editor\" data-id=\"f1a4a95\" data-element_type=\"widget\" data-widget_type=\"text-editor.default\">\n\t\t\t\t\t\t\t\t\t<p>Profitieren Sie von unserer langj\u00e4hrigen Erfahrung und sichern Sie sich alle Vorteile, um Ihre Immobilie ausgezeichnet zu versichern:<\/p><ul class=\"liste\"><li>\u00dcberpr\u00fcfung und Abschluss von Versicherungen<\/li><li>Integration von Versicherungen in g\u00fcnstige Rahmenvertr\u00e4ge<\/li><li>Kompetente Abwicklung von Versicherungssch\u00e4den<\/li><li>Verm\u00f6gensschadens- und Betriebshaftpflichtversicherung f\u00fcr Sie als Objekta-Klient<\/li><\/ul>\t\t\t\t\t\t\t\t<\/div>\n\t\t\t\t<\/div>\n\t\t\t\t\t<\/div>\n\t\t\t\t<\/div>\n\t\t\t\t<\/div>\n\t\t","protected":false},"excerpt":{"rendered":"<p>Versicherung Profitieren Sie von unserer langj\u00e4hrigen Erfahrung und sichern Sie sich alle Vorteile, um Ihre Immobilie ausgezeichnet zu versichern: \u00dcberpr\u00fcfung und Abschluss von Versicherungen Integration von Versicherungen in g\u00fcnstige Rahmenvertr\u00e4ge Kompetente Abwicklung von Versicherungssch\u00e4den Verm\u00f6gensschadens- und Betriebshaftpflichtversicherung f\u00fcr Sie als Objekta-Klient<\/p>\n","protected":false},"author":2,"featured_media":0,"parent":0,"menu_order":0,"comment_status":"closed","ping_status":"closed","template":"","meta":{"footnotes":""},"class_list":["post-730","page","type-page","status-publish","hentry"],"_links":{"self":[{"href":"https:\/\/objektahausverwaltung.de\/index.php\/wp-json\/wp\/v2\/pages\/730","targetHints":{"allow":["GET"]}}],"collection":[{"href":"https:\/\/objektahausverwaltung.de\/index.php\/wp-json\/wp\/v2\/pages"}],"about":[{"href":"https:\/\/objektahausverwaltung.de\/index.php\/wp-json\/wp\/v2\/types\/page"}],"author":[{"embeddable":true,"href":"https:\/\/objektahausverwaltung.de\/index.php\/wp-json\/wp\/v2\/users\/2"}],"replies":[{"embeddable":true,"href":"https:\/\/objektahausverwaltung.de\/index.php\/wp-json\/wp\/v2\/comments?post=730"}],"version-history":[{"count":7,"href":"https:\/\/objektahausverwaltung.de\/index.php\/wp-json\/wp\/v2\/pages\/730\/revisions"}],"predecessor-version":[{"id":834,"href":"https:\/\/objektahausverwaltung.de\/index.php\/wp-json\/wp\/v2\/pages\/730\/revisions\/834"}],"wp:attachment":[{"href":"https:\/\/objektahausverwaltung.de\/index.php\/wp-json\/wp\/v2\/media?parent=730"}],"curies":[{"name":"wp","href":"https:\/\/api.w.org\/{rel}","templated":true}]}}