{"id":732,"date":"2025-08-28T11:15:53","date_gmt":"2025-08-28T11:15:53","guid":{"rendered":"https:\/\/div.objektahausverwaltung.de\/?page_id=732"},"modified":"2025-08-28T13:20:35","modified_gmt":"2025-08-28T13:20:35","slug":"instandhaltung","status":"publish","type":"page","link":"https:\/\/objektahausverwaltung.de\/index.php\/instandhaltung\/","title":{"rendered":"Instandhaltung"},"content":{"rendered":"\t\t<div data-elementor-type=\"wp-page\" data-elementor-id=\"732\" class=\"elementor elementor-732\" data-elementor-post-type=\"page\">\n\t\t\t\t<div class=\"elementor-element elementor-element-0ade393 e-flex e-con-boxed e-con e-parent\" data-id=\"0ade393\" data-element_type=\"container\">\n\t\t\t\t\t<div class=\"e-con-inner\">\n\t\t<div class=\"elementor-element elementor-element-9dfd44a e-con-full e-flex e-con e-child\" data-id=\"9dfd44a\" data-element_type=\"container\">\n\t\t\t\t<div class=\"elementor-element elementor-element-0703f6b elementor-widget elementor-widget-image\" data-id=\"0703f6b\" data-element_type=\"widget\" data-widget_type=\"image.default\">\n\t\t\t\t\t\t\t\t\t\t\t\t\t\t\t<img fetchpriority=\"high\" decoding=\"async\" width=\"770\" height=\"550\" src=\"https:\/\/objektahausverwaltung.de\/wp-content\/uploads\/2025\/08\/instandhaltung.jpg\" class=\"attachment-full size-full wp-image-822\" alt=\"\" srcset=\"https:\/\/objektahausverwaltung.de\/wp-content\/uploads\/2025\/08\/instandhaltung.jpg 770w, https:\/\/objektahausverwaltung.de\/wp-content\/uploads\/2025\/08\/instandhaltung-300x214.jpg 300w, https:\/\/objektahausverwaltung.de\/wp-content\/uploads\/2025\/08\/instandhaltung-768x549.jpg 768w\" sizes=\"(max-width: 770px) 100vw, 770px\" \/>\t\t\t\t\t\t\t\t\t\t\t\t\t\t\t<\/div>\n\t\t\t\t<\/div>\n\t\t<div class=\"elementor-element elementor-element-9b8df01 e-con-full e-flex e-con e-child\" data-id=\"9b8df01\" data-element_type=\"container\">\n\t\t\t\t<div class=\"elementor-element elementor-element-fb28247 elementor-widget elementor-widget-heading\" data-id=\"fb28247\" data-element_type=\"widget\" data-widget_type=\"heading.default\">\n\t\t\t\t\t<h4 class=\"elementor-heading-title elementor-size-default\">Instandhaltung und Werterhaltung von Objekten<\/h4>\t\t\t\t<\/div>\n\t\t\t\t<div class=\"elementor-element elementor-element-49ac34e elementor-widget elementor-widget-text-editor\" data-id=\"49ac34e\" data-element_type=\"widget\" data-widget_type=\"text-editor.default\">\n\t\t\t\t\t\t\t\t\t<p>Die kurzfristige, zuverl\u00e4ssige und m\u00f6glichst preisg\u00fcnstige Vergabe der Instandhaltungs- und Instandsetzungsma\u00dfnahmen ist f\u00fcr Objekta selbstverst\u00e4ndlich. Vertrauen Sie uns deshalb bei der:<\/p><ul class=\"liste\"><li>Einholung mehrerer Angebote<\/li><li>Veranlassung notwendiger Reparaturen<\/li><li>Erstellung von Leistungsausschreibungen<\/li><li>Vergabe der Instandhaltungsarbeiten nach R\u00fccksprache mit dem Beirat<\/li><li>\u00dcberwachung der Arbeitsausf\u00fchrung<\/li><li>Sicherstellung Ihrer Gew\u00e4hrleistungsanspr\u00fcche<\/li><\/ul>\t\t\t\t\t\t\t\t<\/div>\n\t\t\t\t<\/div>\n\t\t\t\t\t<\/div>\n\t\t\t\t<\/div>\n\t\t\t\t<\/div>\n\t\t","protected":false},"excerpt":{"rendered":"<p>Instandhaltung und Werterhaltung von Objekten Die kurzfristige, zuverl\u00e4ssige und m\u00f6glichst preisg\u00fcnstige Vergabe der Instandhaltungs- und Instandsetzungsma\u00dfnahmen ist f\u00fcr Objekta selbstverst\u00e4ndlich. Vertrauen Sie uns deshalb bei der: Einholung mehrerer Angebote Veranlassung notwendiger Reparaturen Erstellung von Leistungsausschreibungen Vergabe der Instandhaltungsarbeiten nach R\u00fccksprache mit dem Beirat \u00dcberwachung der Arbeitsausf\u00fchrung Sicherstellung Ihrer Gew\u00e4hrleistungsanspr\u00fcche<\/p>\n","protected":false},"author":2,"featured_media":0,"parent":0,"menu_order":0,"comment_status":"closed","ping_status":"closed","template":"","meta":{"footnotes":""},"class_list":["post-732","page","type-page","status-publish","hentry"],"_links":{"self":[{"href":"https:\/\/objektahausverwaltung.de\/index.php\/wp-json\/wp\/v2\/pages\/732","targetHints":{"allow":["GET"]}}],"collection":[{"href":"https:\/\/objektahausverwaltung.de\/index.php\/wp-json\/wp\/v2\/pages"}],"about":[{"href":"https:\/\/objektahausverwaltung.de\/index.php\/wp-json\/wp\/v2\/types\/page"}],"author":[{"embeddable":true,"href":"https:\/\/objektahausverwaltung.de\/index.php\/wp-json\/wp\/v2\/users\/2"}],"replies":[{"embeddable":true,"href":"https:\/\/objektahausverwaltung.de\/index.php\/wp-json\/wp\/v2\/comments?post=732"}],"version-history":[{"count":5,"href":"https:\/\/objektahausverwaltung.de\/index.php\/wp-json\/wp\/v2\/pages\/732\/revisions"}],"predecessor-version":[{"id":825,"href":"https:\/\/objektahausverwaltung.de\/index.php\/wp-json\/wp\/v2\/pages\/732\/revisions\/825"}],"wp:attachment":[{"href":"https:\/\/objektahausverwaltung.de\/index.php\/wp-json\/wp\/v2\/media?parent=732"}],"curies":[{"name":"wp","href":"https:\/\/api.w.org\/{rel}","templated":true}]}}